{"id":175,"date":"2021-09-06T16:26:30","date_gmt":"2021-09-06T16:26:30","guid":{"rendered":"https:\/\/magdanza.com\/?page_id=175"},"modified":"2021-09-06T22:52:50","modified_gmt":"2021-09-06T22:52:50","slug":"contacte","status":"publish","type":"page","link":"https:\/\/magdanza.com\/?page_id=175","title":{"rendered":"Contacte"},"content":{"rendered":"<p>[et_pb_section fb_built=\u00bb1&#8243; admin_label=\u00bbPage Title Section\u00bb _builder_version=\u00bb4.10.6&#8243; background_color=\u00bb#442D47&#8243; background_color_gradient_direction=\u00bb120deg\u00bb background_enable_image=\u00bboff\u00bb custom_margin=\u00bb||||false|false\u00bb custom_padding=\u00bb2%||1%||false|false\u00bb global_colors_info=\u00bb{}\u00bb][et_pb_row _builder_version=\u00bb4.10.6&#8243; _module_preset=\u00bbdefault\u00bb width=\u00bb100%\u00bb max_width=\u00bb2560px\u00bb global_colors_info=\u00bb{}\u00bb][et_pb_column type=\u00bb4_4&#8243; _builder_version=\u00bb4.10.6&#8243; _module_preset=\u00bbdefault\u00bb global_colors_info=\u00bb{}\u00bb][et_pb_divider color=\u00bb#D6C7DD\u00bb divider_weight=\u00bb3px\u00bb _builder_version=\u00bb4.10.6&#8243; _module_preset=\u00bbdefault\u00bb width=\u00bb50%\u00bb module_alignment=\u00bbleft\u00bb custom_margin=\u00bb||5px|||\u00bb global_colors_info=\u00bb{}\u00bb][\/et_pb_divider][et_pb_text admin_label=\u00bbPage Title\u00bb _builder_version=\u00bb4.10.6&#8243; text_font=\u00bb||||||||\u00bb header_font=\u00bbPoppins|600|||||||\u00bb header_text_align=\u00bbcenter\u00bb header_text_color=\u00bb#D6C7DD\u00bb header_font_size=\u00bb60px\u00bb header_2_font=\u00bb||||||||\u00bb background_layout=\u00bbdark\u00bb custom_margin=\u00bb||0%||false|false\u00bb custom_padding=\u00bb|||\u00bb animation_style=\u00bbfade\u00bb hover_enabled=\u00bb0&#8243; header_font_size_tablet=\u00bb\u00bb header_font_size_phone=\u00bb40px\u00bb header_font_size_last_edited=\u00bbon|phone\u00bb global_colors_info=\u00bb{}\u00bb sticky_enabled=\u00bb0&#8243;]<\/p>\n<h1>Contacte<\/h1>\n<p>[\/et_pb_text][et_pb_divider color=\u00bb#D6C7DD\u00bb divider_weight=\u00bb3px\u00bb _builder_version=\u00bb4.10.6&#8243; _module_preset=\u00bbdefault\u00bb width=\u00bb50%\u00bb module_alignment=\u00bbright\u00bb global_colors_info=\u00bb{}\u00bb][\/et_pb_divider][\/et_pb_column][\/et_pb_row][\/et_pb_section][et_pb_section fb_built=\u00bb1&#8243; admin_label=\u00bbReach Us Section\u00bb _builder_version=\u00bb4.10.6&#8243; background_color=\u00bb#6C4774&#8243; custom_padding=\u00bb29px||2px|||\u00bb global_colors_info=\u00bb{}\u00bb][et_pb_row admin_label=\u00bbReach Us Area\u00bb _builder_version=\u00bb3.25&#8243; global_colors_info=\u00bb{}\u00bb][et_pb_column type=\u00bb4_4&#8243; _builder_version=\u00bb3.25&#8243; custom_padding=\u00bb|||\u00bb global_colors_info=\u00bb{}\u00bb custom_padding__hover=\u00bb|||\u00bb][et_pb_text admin_label=\u00bbTitle\u00bb _builder_version=\u00bb4.10.6&#8243; header_font=\u00bb||||||||\u00bb header_2_font=\u00bbPoppins|600|||||||\u00bb header_2_text_align=\u00bbcenter\u00bb header_2_text_color=\u00bb#D6C7DD\u00bb header_2_font_size=\u00bb36px\u00bb max_width=\u00bb550px\u00bb module_alignment=\u00bbcenter\u00bb custom_margin=\u00bb||0px|\u00bb animation_style=\u00bbfade\u00bb hover_enabled=\u00bb0&#8243; global_colors_info=\u00bb{}\u00bb sticky_enabled=\u00bb0&#8243;]<\/p>\n<h2>Vols m\u00e9s informaci\u00f3?<\/h2>\n<p>[\/et_pb_text][et_pb_divider color=\u00bb#442D47&#8243; divider_position=\u00bbcenter\u00bb divider_weight=\u00bb3px\u00bb _builder_version=\u00bb4.10.6&#8243; max_width=\u00bb50px\u00bb module_alignment=\u00bbcenter\u00bb custom_margin=\u00bb||20px|\u00bb animation_style=\u00bbslide\u00bb animation_direction=\u00bbtop\u00bb animation_intensity_slide=\u00bb10%\u00bb animation_starting_opacity=\u00bb100%\u00bb global_colors_info=\u00bb{}\u00bb][\/et_pb_divider][et_pb_text _builder_version=\u00bb4.10.6&#8243; text_font=\u00bbPoppins||||||||\u00bb text_text_color=\u00bb#D6C7DD\u00bb text_font_size=\u00bb18px\u00bb text_line_height=\u00bb1.8em\u00bb text_orientation=\u00bbcenter\u00bb max_width=\u00bb550px\u00bb module_alignment=\u00bbcenter\u00bb animation_style=\u00bbfade\u00bb global_colors_info=\u00bb{}\u00bb]<\/p>\n<p>Per a m\u00e9s informaci\u00f3 pots posar-te en contacte amb nosaltres per les seg\u00fcents vies:<\/p>\n<p>[\/et_pb_text][\/et_pb_column][\/et_pb_row][et_pb_row column_structure=\u00bb1_3,1_3,1_3&#8243; _builder_version=\u00bb4.10.6&#8243; global_colors_info=\u00bb{}\u00bb][et_pb_column type=\u00bb1_3&#8243; _builder_version=\u00bb4.10.6&#8243; background_color=\u00bb#D6C7DD\u00bb custom_padding=\u00bb|||\u00bb global_colors_info=\u00bb{}\u00bb custom_padding__hover=\u00bb|||\u00bb][et_pb_blurb title=\u00bbVisita&#8217;ns\u00bb use_icon=\u00bbon\u00bb font_icon=\u00bb%%249%%\u00bb icon_color=\u00bb#6C4774&#8243; use_icon_font_size=\u00bbon\u00bb icon_font_size=\u00bb32px\u00bb admin_label=\u00bbEmail\u00bb _builder_version=\u00bb4.10.6&#8243; header_font=\u00bbPoppins|600|||||||\u00bb header_font_size=\u00bb24px\u00bb body_font=\u00bbPoppins||||||||\u00bb body_line_height=\u00bb1em\u00bb background_color=\u00bb#D6C7DD\u00bb text_orientation=\u00bbcenter\u00bb custom_padding=\u00bb60px|30px|60px|30px\u00bb box_shadow_style=\u00bbpreset2&#8243; box_shadow_horizontal=\u00bb0px\u00bb box_shadow_vertical=\u00bb15px\u00bb box_shadow_blur=\u00bb25px\u00bb box_shadow_color=\u00bbrgba(0,0,0,0.05)\u00bb global_colors_info=\u00bb{}\u00bb]<\/p>\n<p>&nbsp;<\/p>\n<p>Avda. Rep\u00fablica Argentina, 278<\/p>\n<p>08023 \u00b7 Barcelona<\/p>\n<p>[\/et_pb_blurb][\/et_pb_column][et_pb_column type=\u00bb1_3&#8243; _builder_version=\u00bb4.10.6&#8243; background_color=\u00bb#D6C7DD\u00bb custom_padding=\u00bb|||\u00bb global_colors_info=\u00bb{}\u00bb custom_padding__hover=\u00bb|||\u00bb][et_pb_blurb title=\u00bbTruca&#8217;ns\u00bb use_icon=\u00bbon\u00bb font_icon=\u00bb%%264%%\u00bb icon_color=\u00bb#6C4774&#8243; use_icon_font_size=\u00bbon\u00bb icon_font_size=\u00bb32px\u00bb admin_label=\u00bbEmail\u00bb _builder_version=\u00bb4.10.6&#8243; header_font=\u00bbPoppins|600|||||||\u00bb header_font_size=\u00bb24px\u00bb body_font=\u00bbPoppins||||||||\u00bb body_line_height=\u00bb1em\u00bb background_color=\u00bb#D6C7DD\u00bb text_orientation=\u00bbcenter\u00bb custom_padding=\u00bb60px|30px|60px|30px\u00bb box_shadow_style=\u00bbpreset2&#8243; box_shadow_horizontal=\u00bb0px\u00bb box_shadow_vertical=\u00bb15px\u00bb box_shadow_blur=\u00bb25px\u00bb box_shadow_color=\u00bbrgba(0,0,0,0.05)\u00bb global_colors_info=\u00bb{}\u00bb]<\/p>\n<p>&nbsp;<\/p>\n<p>(+34) 93 418 04 36<\/p>\n<p>(+34) 678 466 415<\/p>\n<p>[\/et_pb_blurb][\/et_pb_column][et_pb_column type=\u00bb1_3&#8243; _builder_version=\u00bb4.10.6&#8243; background_color=\u00bb#D6C7DD\u00bb custom_padding=\u00bb|||\u00bb global_colors_info=\u00bb{}\u00bb custom_padding__hover=\u00bb|||\u00bb][et_pb_blurb title=\u00bbEscriu-nos\u00bb use_icon=\u00bbon\u00bb font_icon=\u00bb%%238%%\u00bb icon_color=\u00bb#6C4774&#8243; use_icon_font_size=\u00bbon\u00bb icon_font_size=\u00bb32px\u00bb admin_label=\u00bbEmail\u00bb _builder_version=\u00bb4.10.6&#8243; header_font=\u00bbPoppins|600|||||||\u00bb header_font_size=\u00bb24px\u00bb body_font=\u00bbPoppins||||||||\u00bb body_text_color=\u00bb#442D47&#8243; body_line_height=\u00bb1.8em\u00bb background_color=\u00bb#D6C7DD\u00bb text_orientation=\u00bbcenter\u00bb custom_padding=\u00bb60px|30px|60px|30px\u00bb box_shadow_style=\u00bbpreset2&#8243; box_shadow_horizontal=\u00bb0px\u00bb box_shadow_vertical=\u00bb15px\u00bb box_shadow_blur=\u00bb25px\u00bb box_shadow_color=\u00bbrgba(0,0,0,0.05)\u00bb global_colors_info=\u00bb{}\u00bb]<\/p>\n<p>&nbsp;<\/p>\n<p><a href=\"mailto:info@magdanza.com\" target=\"_blank\" rel=\"noopener\">info@magdanza.com<\/a><\/p>\n<p>[\/et_pb_blurb][\/et_pb_column][\/et_pb_row][et_pb_row disabled_on=\u00bboff|off|off\u00bb admin_label=\u00bbSocial Media\u00bb _builder_version=\u00bb3.25&#8243; custom_margin=\u00bb30px|||\u00bb global_colors_info=\u00bb{}\u00bb][et_pb_column type=\u00bb4_4&#8243; _builder_version=\u00bb3.25&#8243; custom_padding=\u00bb|||\u00bb global_colors_info=\u00bb{}\u00bb custom_padding__hover=\u00bb|||\u00bb][et_pb_social_media_follow icon_color=\u00bb#D6C7DD\u00bb _builder_version=\u00bb4.10.6&#8243; text_orientation=\u00bbcenter\u00bb global_colors_info=\u00bb{}\u00bb][et_pb_social_media_follow_network social_network=\u00bbfacebook\u00bb url=\u00bbhttps:\/\/www.facebook.com\/escoladedansamagdanza\u00bb icon_color=\u00bb#442D47&#8243; _builder_version=\u00bb4.10.6&#8243; background_color=\u00bb#D6C7DD\u00bb background_enable_color=\u00bbon\u00bb custom_margin=\u00bb|8px||8px\u00bb custom_padding=\u00bb14px|14px|14px|14px\u00bb border_radii=\u00bbon|100px|100px|100px|100px\u00bb global_colors_info=\u00bb{}\u00bb follow_button=\u00bboff\u00bb url_new_window=\u00bbon\u00bb]facebook[\/et_pb_social_media_follow_network][et_pb_social_media_follow_network social_network=\u00bbinstagram\u00bb url=\u00bbhttps:\/\/www.instagram.com\/magdanzaescoladedansa\/\u00bb icon_color=\u00bb#442D47&#8243; _builder_version=\u00bb4.10.6&#8243; background_color=\u00bb#D6C7DD\u00bb background_enable_color=\u00bbon\u00bb custom_margin=\u00bb|8px||8px\u00bb custom_padding=\u00bb14px|14px|14px|14px\u00bb border_radii=\u00bbon|100px|100px|100px|100px\u00bb global_colors_info=\u00bb{}\u00bb follow_button=\u00bboff\u00bb url_new_window=\u00bbon\u00bb]instagram[\/et_pb_social_media_follow_network][et_pb_social_media_follow_network social_network=\u00bbyoutube\u00bb url=\u00bbhttps:\/\/www.youtube.com\/channel\/UCOz5a_QMw8FefzYL_b56v4w\/featured\u00bb icon_color=\u00bb#442D47&#8243; _builder_version=\u00bb4.10.6&#8243; background_color=\u00bb#D6C7DD\u00bb background_enable_color=\u00bbon\u00bb custom_margin=\u00bb|8px||8px\u00bb custom_padding=\u00bb14px|14px|14px|14px\u00bb border_radii=\u00bbon|100px|100px|100px|100px\u00bb global_colors_info=\u00bb{}\u00bb follow_button=\u00bboff\u00bb url_new_window=\u00bbon\u00bb]youtube[\/et_pb_social_media_follow_network][\/et_pb_social_media_follow][\/et_pb_column][\/et_pb_row][\/et_pb_section][et_pb_section fb_built=\u00bb1&#8243; admin_label=\u00bbFooter Section\u00bb _builder_version=\u00bb4.10.6&#8243; background_color=\u00bb#442D47&#8243; custom_margin=\u00bb0px|0px|0px|0px|false|false\u00bb custom_padding=\u00bb0px|0px|0px|0px|false|false\u00bb global_colors_info=\u00bb{}\u00bb][et_pb_row admin_label=\u00bbDivider Area\u00bb _builder_version=\u00bb3.25&#8243; custom_padding=\u00bb0px||0px|\u00bb global_colors_info=\u00bb{}\u00bb][et_pb_column type=\u00bb4_4&#8243; _builder_version=\u00bb3.25&#8243; custom_padding=\u00bb|||\u00bb global_colors_info=\u00bb{}\u00bb custom_padding__hover=\u00bb|||\u00bb][et_pb_divider color=\u00bbrgba(255,255,255,0.12)\u00bb divider_position=\u00bbcenter\u00bb _builder_version=\u00bb3.2&#8243; global_colors_info=\u00bb{}\u00bb][\/et_pb_divider][\/et_pb_column][\/et_pb_row][et_pb_row admin_label=\u00bbFooter Area\u00bb _builder_version=\u00bb4.10.6&#8243; custom_padding=\u00bb||13px|||\u00bb global_colors_info=\u00bb{}\u00bb][et_pb_column type=\u00bb4_4&#8243; _builder_version=\u00bb3.25&#8243; custom_padding=\u00bb|||\u00bb global_colors_info=\u00bb{}\u00bb custom_padding__hover=\u00bb|||\u00bb][et_pb_text ul_type=\u00bbnone\u00bb admin_label=\u00bbTitle\u00bb _builder_version=\u00bb4.10.6&#8243; text_font=\u00bbPoppins||||||||\u00bb text_text_color=\u00bbrgba(255,255,255,0.7)\u00bb text_font_size=\u00bb16px\u00bb text_line_height=\u00bb1.8em\u00bb ul_font=\u00bbPoppins||||||||\u00bb ul_text_align=\u00bbcenter\u00bb header_font=\u00bb||||||||\u00bb header_2_font=\u00bbPoppins||||||||\u00bb header_2_text_align=\u00bbcenter\u00bb header_2_font_size=\u00bb24px\u00bb header_2_line_height=\u00bb1.4em\u00bb text_orientation=\u00bbcenter\u00bb background_layout=\u00bbdark\u00bb custom_margin=\u00bb||15px|\u00bb custom_padding=\u00bb|||\u00bb animation_style=\u00bbfade\u00bb global_colors_info=\u00bb{}\u00bb]<\/p>\n<h2>No et perdis cap novetat<\/h2>\n<p>[\/et_pb_text][et_pb_divider color=\u00bb#D6C7DD\u00bb divider_position=\u00bbcenter\u00bb divider_weight=\u00bb3px\u00bb _builder_version=\u00bb4.10.6&#8243; max_width=\u00bb50px\u00bb module_alignment=\u00bbcenter\u00bb custom_margin=\u00bb0%||0%||false|false\u00bb animation_style=\u00bbslide\u00bb animation_direction=\u00bbtop\u00bb animation_intensity_slide=\u00bb5%\u00bb animation_starting_opacity=\u00bb100%\u00bb locked=\u00bboff\u00bb global_colors_info=\u00bb{}\u00bb][\/et_pb_divider][et_pb_signup mailchimp_list=\u00bbMagDanza_Escola|4c7ea4643f\u00bb name_field=\u00bbon\u00bb button_text=\u00bbVULL REBRE LA NEWSLETTER\u00bb _builder_version=\u00bb4.10.6&#8243; _module_preset=\u00bbdefault\u00bb background_enable_color=\u00bboff\u00bb custom_button=\u00bbon\u00bb button_text_size=\u00bb18px\u00bb button_text_color=\u00bb#373636&#8243; button_bg_color=\u00bb#D6C7DD\u00bb button_border_color=\u00bb#D6C7DD\u00bb global_colors_info=\u00bb{}\u00bb][\/et_pb_signup][\/et_pb_column][\/et_pb_row][\/et_pb_section][et_pb_section fb_built=\u00bb1&#8243; fullwidth=\u00bbon\u00bb admin_label=\u00bbMap Section\u00bb _builder_version=\u00bb3.22&#8243; global_colors_info=\u00bb{}\u00bb][et_pb_fullwidth_code _builder_version=\u00bb4.10.6&#8243; _module_preset=\u00bbdefault\u00bb global_colors_info=\u00bb{}\u00bb]<iframe loading=\"lazy\" src=\"https:\/\/www.google.com\/maps\/embed?pb=!1m18!1m12!1m3!1d2992.165018519791!2d2.136016515786382!3d41.41393637926181!2m3!1f0!2f0!3f0!3m2!1i1024!2i768!4f13.1!3m3!1m2!1s0x12a49805d6dfc839%3A0xf77f4df85ec1f9c!2sEscola%20De%20Dansa%20MagDanza!5e0!3m2!1ses!2ses!4v1595088374233!5m2!1ses!2ses\" width=\"3000\" height=\"450\" frameborder=\"0\" style=\"border:0;\" allowfullscreen=\"\" aria-hidden=\"false\" tabindex=\"0\"><\/iframe>[\/et_pb_fullwidth_code][\/et_pb_section]<\/p>\n<span class=\"et_bloom_bottom_trigger\"><\/span>","protected":false},"excerpt":{"rendered":"<p>ContacteVols m\u00e9s informaci\u00f3?Per a m\u00e9s informaci\u00f3 pots posar-te en contacte amb nosaltres per les seg\u00fcents vies:&nbsp; Avda. Rep\u00fablica Argentina, 278 08023 \u00b7 Barcelona&nbsp; (+34) 93 418 04 36 (+34) 678 466 415&nbsp; info@magdanza.comNo et perdis cap novetat<\/p>\n","protected":false},"author":2,"featured_media":0,"parent":0,"menu_order":0,"comment_status":"closed","ping_status":"closed","template":"","meta":{"_et_pb_use_builder":"on","_et_pb_old_content":"","_et_gb_content_width":"","footnotes":""},"folder":[],"class_list":["post-175","page","type-page","status-publish","hentry"],"jetpack_sharing_enabled":true,"_links":{"self":[{"href":"https:\/\/magdanza.com\/index.php?rest_route=\/wp\/v2\/pages\/175","targetHints":{"allow":["GET"]}}],"collection":[{"href":"https:\/\/magdanza.com\/index.php?rest_route=\/wp\/v2\/pages"}],"about":[{"href":"https:\/\/magdanza.com\/index.php?rest_route=\/wp\/v2\/types\/page"}],"author":[{"embeddable":true,"href":"https:\/\/magdanza.com\/index.php?rest_route=\/wp\/v2\/users\/2"}],"replies":[{"embeddable":true,"href":"https:\/\/magdanza.com\/index.php?rest_route=%2Fwp%2Fv2%2Fcomments&post=175"}],"version-history":[{"count":7,"href":"https:\/\/magdanza.com\/index.php?rest_route=\/wp\/v2\/pages\/175\/revisions"}],"predecessor-version":[{"id":204,"href":"https:\/\/magdanza.com\/index.php?rest_route=\/wp\/v2\/pages\/175\/revisions\/204"}],"wp:attachment":[{"href":"https:\/\/magdanza.com\/index.php?rest_route=%2Fwp%2Fv2%2Fmedia&parent=175"}],"wp:term":[{"taxonomy":"folder","embeddable":true,"href":"https:\/\/magdanza.com\/index.php?rest_route=%2Fwp%2Fv2%2Ffolder&post=175"}],"curies":[{"name":"wp","href":"https:\/\/api.w.org\/{rel}","templated":true}]}}