{"id":1441,"date":"2023-05-25T00:24:01","date_gmt":"2023-05-25T00:24:01","guid":{"rendered":"https:\/\/magdanza.com\/?page_id=1441"},"modified":"2026-01-28T12:16:37","modified_gmt":"2026-01-28T12:16:37","slug":"casal","status":"publish","type":"page","link":"https:\/\/magdanza.com\/?page_id=1441","title":{"rendered":"Casals"},"content":{"rendered":"<p>[et_pb_section fb_built=\u00bb1&#8243; admin_label=\u00bbPage Title Section\u00bb _builder_version=\u00bb4.16&#8243; background_color=\u00bb#442D47&#8243; background_color_gradient_direction=\u00bb120deg\u00bb background_enable_image=\u00bboff\u00bb custom_margin=\u00bb||||false|false\u00bb custom_padding=\u00bb2%||1%||false|false\u00bb da_disable_devices=\u00bboff|off|off\u00bb global_colors_info=\u00bb{}\u00bb collapsed=\u00bbon\u00bb da_is_popup=\u00bboff\u00bb da_exit_intent=\u00bboff\u00bb da_has_close=\u00bbon\u00bb da_alt_close=\u00bboff\u00bb da_dark_close=\u00bboff\u00bb da_not_modal=\u00bbon\u00bb da_is_singular=\u00bboff\u00bb da_with_loader=\u00bboff\u00bb da_has_shadow=\u00bbon\u00bb][et_pb_row _builder_version=\u00bb4.16&#8243; _module_preset=\u00bbdefault\u00bb width=\u00bb100%\u00bb max_width=\u00bb2560px\u00bb global_colors_info=\u00bb{}\u00bb][et_pb_column type=\u00bb4_4&#8243; _builder_version=\u00bb4.16&#8243; _module_preset=\u00bbdefault\u00bb global_colors_info=\u00bb{}\u00bb][et_pb_divider color=\u00bb#D6C7DD\u00bb divider_weight=\u00bb3px\u00bb _builder_version=\u00bb4.16&#8243; _module_preset=\u00bbdefault\u00bb width=\u00bb50%\u00bb module_alignment=\u00bbleft\u00bb custom_margin=\u00bb||5px|||\u00bb global_colors_info=\u00bb{}\u00bb][\/et_pb_divider][et_pb_text admin_label=\u00bbPage Title\u00bb _builder_version=\u00bb4.16&#8243; text_font=\u00bb||||||||\u00bb header_font=\u00bbPoppins|600|||||||\u00bb header_text_align=\u00bbcenter\u00bb header_text_color=\u00bb#D6C7DD\u00bb header_font_size=\u00bb60px\u00bb header_2_font=\u00bb||||||||\u00bb background_layout=\u00bbdark\u00bb custom_margin=\u00bb||0%||false|false\u00bb custom_padding=\u00bb|||\u00bb animation_style=\u00bbfade\u00bb header_font_size_tablet=\u00bb\u00bb header_font_size_phone=\u00bb40px\u00bb header_font_size_last_edited=\u00bbon|phone\u00bb global_colors_info=\u00bb{}\u00bb]<\/p>\n<h1>Casals<\/h1>\n<p>[\/et_pb_text][et_pb_divider color=\u00bb#D6C7DD\u00bb divider_weight=\u00bb3px\u00bb _builder_version=\u00bb4.16&#8243; _module_preset=\u00bbdefault\u00bb width=\u00bb50%\u00bb module_alignment=\u00bbright\u00bb global_colors_info=\u00bb{}\u00bb][\/et_pb_divider][\/et_pb_column][\/et_pb_row][\/et_pb_section][et_pb_section fb_built=\u00bb1&#8243; admin_label=\u00bbCasal d&#8217;estiu\u00bb _builder_version=\u00bb4.27.5&#8243; background_color=\u00bb#9E70A2&#8243; custom_padding=\u00bb6px||90px||false|false\u00bb hover_enabled=\u00bb0&#8243; da_disable_devices=\u00bboff|off|off\u00bb global_colors_info=\u00bb{}\u00bb sticky_enabled=\u00bb0&#8243; collapsed=\u00bbon\u00bb da_is_popup=\u00bboff\u00bb da_exit_intent=\u00bboff\u00bb da_has_close=\u00bbon\u00bb da_alt_close=\u00bboff\u00bb da_dark_close=\u00bboff\u00bb da_not_modal=\u00bbon\u00bb da_is_singular=\u00bboff\u00bb da_with_loader=\u00bboff\u00bb da_has_shadow=\u00bbon\u00bb][et_pb_row column_structure=\u00bb1_2,1_2&#8243; _builder_version=\u00bb4.16&#8243; custom_padding=\u00bb||0px|||\u00bb global_colors_info=\u00bb{}\u00bb][et_pb_column type=\u00bb1_2&#8243; _builder_version=\u00bb4.16&#8243; custom_padding=\u00bb|||\u00bb global_colors_info=\u00bb{}\u00bb custom_padding__hover=\u00bb|||\u00bb][et_pb_text disabled_on=\u00bboff|on|on\u00bb _builder_version=\u00bb4.16&#8243; text_font=\u00bbPoppins||||||||\u00bb text_text_color=\u00bbrgba(255,255,255,0.7)\u00bb text_line_height=\u00bb1.8em\u00bb max_width=\u00bb750px\u00bb custom_margin=\u00bb||||false|false\u00bb animation_style=\u00bbfold\u00bb animation_direction=\u00bbleft\u00bb animation_intensity_fold=\u00bb10%\u00bb animation_starting_opacity=\u00bb100%\u00bb global_colors_info=\u00bb{}\u00bb]<\/p>\n<div class=\"page\" title=\"Page 2\">\n<div class=\"section\">\n<div class=\"layoutArea\">\n<div class=\"column\">\n<h1><strong>CASAL D&#8217;ESTIU<\/strong><\/h1>\n<\/div>\n<\/div>\n<\/div>\n<\/div>\n<p>[\/et_pb_text][et_pb_image src=\u00bbhttps:\/\/magdanza.com\/wp-content\/uploads\/2023\/05\/estiraments__teatre_musical.png\u00bb title_text=\u00bbestiraments__teatre_musical\u00bb _builder_version=\u00bb4.16&#8243; _module_preset=\u00bbdefault\u00bb global_colors_info=\u00bb{}\u00bb][\/et_pb_image][et_pb_text _builder_version=\u00bb4.16&#8243; text_font=\u00bbPoppins||||||||\u00bb text_text_color=\u00bbrgba(255,255,255,0.7)\u00bb text_line_height=\u00bb1.8em\u00bb max_width=\u00bb750px\u00bb custom_margin=\u00bb||||false|false\u00bb animation_style=\u00bbfold\u00bb animation_direction=\u00bbleft\u00bb animation_intensity_fold=\u00bb10%\u00bb animation_starting_opacity=\u00bb100%\u00bb global_colors_info=\u00bb{}\u00bb]<\/p>\n<div class=\"page\" title=\"Page 2\">\n<div class=\"section\">\n<div class=\"layoutArea\">\n<div class=\"column\">\n<h3><span>Preus i Inscripcions:<\/span><\/h3>\n<p><span>Inscripcions obertes<\/span><\/p>\n<ul>\n<li><span>1\u00aa setmana: Del 30 de Juny al 4 de Juliol<\/span><\/li>\n<li><span>2\u00aa setmana: Del 7 a l&#8217;11 de Juliol<\/span><\/li>\n<li><span>3\u00aa setmana: Del 14 al 18 de Juliol<\/span><\/li>\n<\/ul>\n<p><span>El preu setmanal total \u00e9s de 175\u20ac amb dinar incl\u00f2s.<\/span><\/p>\n<p>Places limitades! No et quedis sense la teva!<\/p>\n<\/div>\n<\/div>\n<\/div>\n<\/div>\n<p>[\/et_pb_text][et_pb_button button_url=\u00bb@ET-DC@eyJkeW5hbWljIjp0cnVlLCJjb250ZW50IjoicG9zdF9saW5rX3VybF9wYWdlIiwic2V0dGluZ3MiOnsicG9zdF9pZCI6IjU3NyJ9fQ==@\u00bb button_text=\u00bbEm vull inscriure\u00bb _builder_version=\u00bb4.16&#8243; _dynamic_attributes=\u00bbbutton_url\u00bb _module_preset=\u00bbdefault\u00bb custom_button=\u00bbon\u00bb button_text_color=\u00bb#D6C7DD\u00bb button_bg_color=\u00bb#442D47&#8243; button_border_width=\u00bb0px\u00bb button_font=\u00bb|||||on|||\u00bb global_colors_info=\u00bb{}\u00bb][\/et_pb_button][\/et_pb_column][et_pb_column type=\u00bb1_2&#8243; _builder_version=\u00bb4.16&#8243; custom_padding=\u00bb30px||30px|\u00bb global_colors_info=\u00bb{}\u00bb custom_padding__hover=\u00bb|||\u00bb][et_pb_text disabled_on=\u00bbon|off|off\u00bb _builder_version=\u00bb4.16&#8243; text_font=\u00bbPoppins||||||||\u00bb text_text_color=\u00bbrgba(255,255,255,0.7)\u00bb text_line_height=\u00bb1.8em\u00bb max_width=\u00bb750px\u00bb custom_margin=\u00bb||||false|false\u00bb animation_style=\u00bbfold\u00bb animation_direction=\u00bbleft\u00bb animation_intensity_fold=\u00bb10%\u00bb animation_starting_opacity=\u00bb100%\u00bb global_colors_info=\u00bb{}\u00bb]<\/p>\n<div class=\"page\" title=\"Page 2\">\n<div class=\"section\">\n<div class=\"layoutArea\">\n<div class=\"column\">\n<h1><strong>CASAL D&#8217;ESTIU<\/strong><\/h1>\n<\/div>\n<\/div>\n<\/div>\n<\/div>\n<p>[\/et_pb_text][et_pb_text _builder_version=\u00bb4.16&#8243; text_font=\u00bbPoppins||||||||\u00bb text_text_color=\u00bbrgba(255,255,255,0.7)\u00bb text_line_height=\u00bb1.8em\u00bb max_width=\u00bb750px\u00bb custom_margin=\u00bb||||false|false\u00bb animation_style=\u00bbfold\u00bb animation_direction=\u00bbleft\u00bb animation_intensity_fold=\u00bb10%\u00bb animation_starting_opacity=\u00bb100%\u00bb global_colors_info=\u00bb{}\u00bb]<\/p>\n<div class=\"page\" title=\"Page 2\">\n<div class=\"section\">\n<div class=\"layoutArea\">\n<div class=\"column\">\n<h3><strong>Dates:<\/strong><\/h3>\n<p><span><strong>1\u00aa setmana: Del 30 de Juny al 4 de Juliol<\/strong><\/span><\/p>\n<p><span><strong>2\u00aa setmana: Del 7 a l&#8217;11 de Juliol<\/strong><\/span><\/p>\n<p><span><strong>3\u00aa setmana: Del 14 al 18 de Juliol<\/strong><\/span><\/p>\n<h3><strong>Horari:<\/strong><\/h3>\n<p><span>De 9h a 16:45h<\/span><\/p>\n<h3><strong>Franja d&#8217;edats:<\/strong><\/h3>\n<p><span>De 4 a 13 anys<\/span><\/p>\n<\/div>\n<\/div>\n<\/div>\n<\/div>\n<p>[\/et_pb_text][et_pb_text _builder_version=\u00bb4.16&#8243; text_font=\u00bbPoppins||||||||\u00bb text_text_color=\u00bbrgba(255,255,255,0.7)\u00bb text_line_height=\u00bb1.8em\u00bb max_width=\u00bb750px\u00bb custom_margin=\u00bb||||false|false\u00bb animation_style=\u00bbfold\u00bb animation_direction=\u00bbleft\u00bb animation_intensity_fold=\u00bb10%\u00bb animation_starting_opacity=\u00bb100%\u00bb global_colors_info=\u00bb{}\u00bb]<\/p>\n<div class=\"page\" title=\"Page 2\">\n<div class=\"section\">\n<div class=\"layoutArea\">\n<div class=\"column\">\n<p><span>Els <\/span><strong>Casals art\u00edstics de MagDanza<\/strong><span> estan enfocats a nens i nenes de 4 a 13 anys. En aquests casals tindrem com a objectiu principal les arts esc\u00e8niques com s\u00f3n la dansa i el teatre musical per\u00f2 amb molta diversi\u00f3, complementant-ho amb activitats com piscina, manualitats, jocs a l&#8217;aire lliure, sortides culturals&#8230;\u00a0<\/span><\/p>\n<p><span>Cada mat\u00ed fem\u00a0<\/span><strong>estiraments<\/strong><span>\u00a0per preparar el cos i durant la resta del mat\u00ed realitzem la resta de disciplines\u00a0<\/span><strong>(jazz, hip hop, contemporani, teatre musical, creaci\u00f3 coreogr\u00e0fica,&#8230;)<\/strong><span>\u00a0dividides en classes de 45 min. A la tarda, \u00e9s el torn de la creativitat i el lleure, ja que fem\u00a0<\/span><strong>manualitats, jocs de lleure, cinema,&#8230;<\/strong><\/p>\n<p><span>A m\u00e9s dos cops per setmana anem a la <\/span><strong>piscina<\/strong><span>, un cop per setmana fem una\u00a0<\/span><strong>excursi\u00f3 cultural<span>\u00a0<\/span><\/strong><span>i cada migdia\u00a0dinem als\u00a0<\/span><strong>restaurants del barri.<\/strong><\/p>\n<p><strong>Al llarg de la setmana, preparem un espectacle basat en un musical, per mostrar el divendres a la tarda a totes les fam\u00edlies! Cada setmana un musical diferent!<\/strong><\/p>\n<\/div>\n<\/div>\n<\/div>\n<\/div>\n<p>[\/et_pb_text][\/et_pb_column][\/et_pb_row][\/et_pb_section][et_pb_section fb_built=\u00bb1&#8243; _builder_version=\u00bb4.16&#8243; _module_preset=\u00bbdefault\u00bb background_color=\u00bb#442D47&#8243; custom_margin=\u00bb-6vh||||false|false\u00bb custom_padding=\u00bb0vh||0px||false|false\u00bb da_disable_devices=\u00bboff|off|off\u00bb global_colors_info=\u00bb{}\u00bb collapsed=\u00bbon\u00bb da_is_popup=\u00bboff\u00bb da_exit_intent=\u00bboff\u00bb da_has_close=\u00bbon\u00bb da_alt_close=\u00bboff\u00bb da_dark_close=\u00bboff\u00bb da_not_modal=\u00bbon\u00bb da_is_singular=\u00bboff\u00bb da_with_loader=\u00bboff\u00bb da_has_shadow=\u00bbon\u00bb][\/et_pb_section][et_pb_section fb_built=\u00bb1&#8243; admin_label=\u00bbCasal de Paqua\u00bb _builder_version=\u00bb4.27.5&#8243; background_color=\u00bb#9E70A2&#8243; custom_padding=\u00bb6px||90px||false|false\u00bb hover_enabled=\u00bb0&#8243; da_disable_devices=\u00bboff|off|off\u00bb global_colors_info=\u00bb{}\u00bb sticky_enabled=\u00bb0&#8243; collapsed=\u00bbon\u00bb da_is_popup=\u00bboff\u00bb da_exit_intent=\u00bboff\u00bb da_has_close=\u00bbon\u00bb da_alt_close=\u00bboff\u00bb da_dark_close=\u00bboff\u00bb da_not_modal=\u00bbon\u00bb da_is_singular=\u00bboff\u00bb da_with_loader=\u00bboff\u00bb da_has_shadow=\u00bbon\u00bb][et_pb_row column_structure=\u00bb1_2,1_2&#8243; _builder_version=\u00bb4.16&#8243; custom_padding=\u00bb||0px|||\u00bb global_colors_info=\u00bb{}\u00bb][et_pb_column type=\u00bb1_2&#8243; _builder_version=\u00bb4.16&#8243; custom_padding=\u00bb|||\u00bb global_colors_info=\u00bb{}\u00bb custom_padding__hover=\u00bb|||\u00bb][et_pb_text disabled_on=\u00bboff|on|on\u00bb _builder_version=\u00bb4.16&#8243; text_font=\u00bbPoppins||||||||\u00bb text_text_color=\u00bbrgba(255,255,255,0.7)\u00bb text_line_height=\u00bb1.8em\u00bb max_width=\u00bb750px\u00bb custom_margin=\u00bb||||false|false\u00bb animation_style=\u00bbfold\u00bb animation_direction=\u00bbleft\u00bb animation_intensity_fold=\u00bb10%\u00bb animation_starting_opacity=\u00bb100%\u00bb global_colors_info=\u00bb{}\u00bb]<\/p>\n<div class=\"page\" title=\"Page 2\">\n<div class=\"section\">\n<div class=\"layoutArea\">\n<div class=\"column\">\n<h1><strong>CASAL DE PASQUA<\/strong><\/h1>\n<\/div>\n<\/div>\n<\/div>\n<\/div>\n<p>[\/et_pb_text][et_pb_image src=\u00bbhttps:\/\/magdanza.com\/wp-content\/uploads\/2024\/02\/Informacio-Setmana-Santa.png\u00bb title_text=\u00bbestiraments__teatre_musical\u00bb _builder_version=\u00bb4.16&#8243; _module_preset=\u00bbdefault\u00bb global_colors_info=\u00bb{}\u00bb][\/et_pb_image][et_pb_text _builder_version=\u00bb4.16&#8243; text_font=\u00bbPoppins||||||||\u00bb text_text_color=\u00bbrgba(255,255,255,0.7)\u00bb text_line_height=\u00bb1.8em\u00bb max_width=\u00bb750px\u00bb custom_margin=\u00bb||||false|false\u00bb animation_style=\u00bbfold\u00bb animation_direction=\u00bbleft\u00bb animation_intensity_fold=\u00bb10%\u00bb animation_starting_opacity=\u00bb100%\u00bb global_colors_info=\u00bb{}\u00bb]<\/p>\n<div class=\"page\" title=\"Page 2\">\n<div class=\"section\">\n<div class=\"layoutArea\">\n<div class=\"column\">\n<h3><span>Preus i Inscripcions:<\/span><\/h3>\n<p><span>Inscripcions obertes<\/span><\/p>\n<ul>\n<li>Del 14 al 17 d&#8217;abril<\/li>\n<\/ul>\n<p><span>El preu setmanal total \u00e9s de 115\u20ac amb dinar incl\u00f2s.<\/span><\/p>\n<p>Places limitades! No et quedis sense la teva!<\/p>\n<\/div>\n<\/div>\n<\/div>\n<\/div>\n<p>[\/et_pb_text][et_pb_button button_url=\u00bb@ET-DC@eyJkeW5hbWljIjp0cnVlLCJjb250ZW50IjoicG9zdF9saW5rX3VybF9wYWdlIiwic2V0dGluZ3MiOnsicG9zdF9pZCI6IjU0MSJ9fQ==@\u00bb button_text=\u00bbEm vull inscriure\u00bb _builder_version=\u00bb4.16&#8243; _dynamic_attributes=\u00bbbutton_url\u00bb _module_preset=\u00bbdefault\u00bb custom_button=\u00bbon\u00bb button_text_color=\u00bb#D6C7DD\u00bb button_bg_color=\u00bb#442D47&#8243; button_border_width=\u00bb0px\u00bb button_font=\u00bb|||||on|||\u00bb global_colors_info=\u00bb{}\u00bb][\/et_pb_button][\/et_pb_column][et_pb_column type=\u00bb1_2&#8243; _builder_version=\u00bb4.16&#8243; custom_padding=\u00bb30px||30px|\u00bb global_colors_info=\u00bb{}\u00bb custom_padding__hover=\u00bb|||\u00bb][et_pb_text disabled_on=\u00bbon|off|off\u00bb _builder_version=\u00bb4.16&#8243; text_font=\u00bbPoppins||||||||\u00bb text_text_color=\u00bbrgba(255,255,255,0.7)\u00bb text_line_height=\u00bb1.8em\u00bb max_width=\u00bb750px\u00bb custom_margin=\u00bb||||false|false\u00bb animation_style=\u00bbfold\u00bb animation_direction=\u00bbleft\u00bb animation_intensity_fold=\u00bb10%\u00bb animation_starting_opacity=\u00bb100%\u00bb global_colors_info=\u00bb{}\u00bb]<\/p>\n<div class=\"page\" title=\"Page 2\">\n<div class=\"section\">\n<div class=\"layoutArea\">\n<div class=\"column\">\n<h1><strong>CASAL DE PASQUA<\/strong><\/h1>\n<\/div>\n<\/div>\n<\/div>\n<\/div>\n<p>[\/et_pb_text][et_pb_text _builder_version=\u00bb4.16&#8243; text_font=\u00bbPoppins||||||||\u00bb text_text_color=\u00bbrgba(255,255,255,0.7)\u00bb text_line_height=\u00bb1.8em\u00bb max_width=\u00bb750px\u00bb custom_margin=\u00bb||||false|false\u00bb animation_style=\u00bbfold\u00bb animation_direction=\u00bbleft\u00bb animation_intensity_fold=\u00bb10%\u00bb animation_starting_opacity=\u00bb100%\u00bb global_colors_info=\u00bb{}\u00bb]<\/p>\n<div class=\"page\" title=\"Page 2\">\n<div class=\"section\">\n<div class=\"layoutArea\">\n<div class=\"column\">\n<h3><strong>Dates:<\/strong><\/h3>\n<p><span><strong>Del 14 al 17 d&#8217;abril<\/strong><\/span><\/p>\n<h3><strong>Horari:<\/strong><\/h3>\n<p><span>De 9h a 16:45h<\/span><\/p>\n<h3><strong>Franja d&#8217;edats:<\/strong><\/h3>\n<p><span>De 4 a 13 anys<\/span><\/p>\n<\/div>\n<\/div>\n<\/div>\n<\/div>\n<p>[\/et_pb_text][et_pb_text _builder_version=\u00bb4.16&#8243; text_font=\u00bbPoppins||||||||\u00bb text_text_color=\u00bbrgba(255,255,255,0.7)\u00bb text_line_height=\u00bb1.8em\u00bb max_width=\u00bb750px\u00bb custom_margin=\u00bb||||false|false\u00bb animation_style=\u00bbfold\u00bb animation_direction=\u00bbleft\u00bb animation_intensity_fold=\u00bb10%\u00bb animation_starting_opacity=\u00bb100%\u00bb global_colors_info=\u00bb{}\u00bb]<\/p>\n<div class=\"page\" title=\"Page 2\">\n<div class=\"section\">\n<div class=\"layoutArea\">\n<div class=\"column\">\n<p><span>El\u00a0<\/span><strong>Casal art\u00edstic de\u00a0MagDanza<\/strong><span> est\u00e0 enfocat a nens i nenes de 4 a 13 anys. En aquest casal tindrem com a objectiu principal les arts esc\u00e8niques com s\u00f3n la dansa i el teatre musical per\u00f2 amb molta diversi\u00f3, complementant-ho amb activitats com piscina, manualitats, jocs a l&#8217;aire lliure, sortides culturals&#8230;\u00a0<\/span><\/p>\n<p><span>Cada mat\u00ed fem\u00a0<\/span><strong>estiraments<\/strong><span>\u00a0per preparar el cos i durant la resta del mat\u00ed realitzem la resta de disciplines\u00a0<\/span><strong>(jazz, hip hop, contemporani, teatre musical, creaci\u00f3 coreogr\u00e0fica,&#8230;)<\/strong><span>\u00a0dividides en classes de 45 min. A la tarda, \u00e9s el torn de la creativitat i el lleure, ja que fem\u00a0<\/span><strong>manualitats, jocs de lleure, cinema,&#8230;<\/strong><\/p>\n<\/div>\n<\/div>\n<\/div>\n<\/div>\n<p>[\/et_pb_text][\/et_pb_column][\/et_pb_row][\/et_pb_section][et_pb_section fb_built=\u00bb1&#8243; _builder_version=\u00bb4.16&#8243; _module_preset=\u00bbdefault\u00bb background_color=\u00bb#442D47&#8243; custom_margin=\u00bb-6vh||||false|false\u00bb custom_padding=\u00bb0vh||0px||false|false\u00bb da_disable_devices=\u00bboff|off|off\u00bb global_colors_info=\u00bb{}\u00bb collapsed=\u00bbon\u00bb da_is_popup=\u00bboff\u00bb da_exit_intent=\u00bboff\u00bb da_has_close=\u00bbon\u00bb da_alt_close=\u00bboff\u00bb da_dark_close=\u00bboff\u00bb da_not_modal=\u00bbon\u00bb da_is_singular=\u00bboff\u00bb da_with_loader=\u00bboff\u00bb da_has_shadow=\u00bbon\u00bb][\/et_pb_section][et_pb_section fb_built=\u00bb1&#8243; admin_label=\u00bbCasal de Nadal\u00bb _builder_version=\u00bb4.27.5&#8243; background_color=\u00bb#9E70A2&#8243; custom_padding=\u00bb6px||90px||false|false\u00bb hover_enabled=\u00bb0&#8243; da_disable_devices=\u00bboff|off|off\u00bb global_colors_info=\u00bb{}\u00bb sticky_enabled=\u00bb0&#8243; collapsed=\u00bbon\u00bb da_is_popup=\u00bboff\u00bb da_exit_intent=\u00bboff\u00bb da_has_close=\u00bbon\u00bb da_alt_close=\u00bboff\u00bb da_dark_close=\u00bboff\u00bb da_not_modal=\u00bbon\u00bb da_is_singular=\u00bboff\u00bb da_with_loader=\u00bboff\u00bb da_has_shadow=\u00bbon\u00bb][et_pb_row column_structure=\u00bb1_2,1_2&#8243; _builder_version=\u00bb4.16&#8243; custom_padding=\u00bb||0px|||\u00bb global_colors_info=\u00bb{}\u00bb][et_pb_column type=\u00bb1_2&#8243; _builder_version=\u00bb4.16&#8243; custom_padding=\u00bb|||\u00bb global_colors_info=\u00bb{}\u00bb custom_padding__hover=\u00bb|||\u00bb][et_pb_text disabled_on=\u00bboff|on|on\u00bb _builder_version=\u00bb4.16&#8243; text_font=\u00bbPoppins||||||||\u00bb text_text_color=\u00bbrgba(255,255,255,0.7)\u00bb text_line_height=\u00bb1.8em\u00bb max_width=\u00bb750px\u00bb custom_margin=\u00bb||||false|false\u00bb animation_style=\u00bbfold\u00bb animation_direction=\u00bbleft\u00bb animation_intensity_fold=\u00bb10%\u00bb animation_starting_opacity=\u00bb100%\u00bb global_colors_info=\u00bb{}\u00bb]<\/p>\n<div class=\"page\" title=\"Page 2\">\n<div class=\"section\">\n<div class=\"layoutArea\">\n<div class=\"column\">\n<h1><strong>CASAL DE NADAL<\/strong><\/h1>\n<\/div>\n<\/div>\n<\/div>\n<\/div>\n<p>[\/et_pb_text][et_pb_image src=\u00bbhttps:\/\/magdanza.com\/wp-content\/uploads\/2024\/02\/Info-Nadal.png\u00bb title_text=\u00bbestiraments__teatre_musical\u00bb _builder_version=\u00bb4.16&#8243; _module_preset=\u00bbdefault\u00bb global_colors_info=\u00bb{}\u00bb][\/et_pb_image][et_pb_text _builder_version=\u00bb4.16&#8243; text_font=\u00bbPoppins||||||||\u00bb text_text_color=\u00bbrgba(255,255,255,0.7)\u00bb text_line_height=\u00bb1.8em\u00bb max_width=\u00bb750px\u00bb custom_margin=\u00bb||||false|false\u00bb animation_style=\u00bbfold\u00bb animation_direction=\u00bbleft\u00bb animation_intensity_fold=\u00bb10%\u00bb animation_starting_opacity=\u00bb100%\u00bb global_colors_info=\u00bb{}\u00bb]<\/p>\n<div class=\"page\" title=\"Page 2\">\n<div class=\"section\">\n<div class=\"layoutArea\">\n<div class=\"column\">\n<h3><span>Preus i Inscripcions:<\/span><\/h3>\n<p><span>Inscripcions obertes<\/span><\/p>\n<ul>\n<li><span>1\u00aa setmana: Setmana de Nadal<\/span><\/li>\n<li><span>2\u00aa setmana: Setmana de Cap d&#8217;Any<\/span><\/li>\n<\/ul>\n<p><span>El preu setmanal \u00e9s amb dinar incl\u00f2s.<\/span><\/p>\n<p>Places limitades! No et quedis sense la teva!<\/p>\n<\/div>\n<\/div>\n<\/div>\n<\/div>\n<p>[\/et_pb_text][et_pb_button button_url=\u00bb@ET-DC@eyJkeW5hbWljIjp0cnVlLCJjb250ZW50IjoicG9zdF9saW5rX3VybF9wYWdlIiwic2V0dGluZ3MiOnsicG9zdF9pZCI6IjMyMCJ9fQ==@\u00bb button_text=\u00bbEm vull inscriure\u00bb _builder_version=\u00bb4.16&#8243; _dynamic_attributes=\u00bbbutton_url\u00bb _module_preset=\u00bbdefault\u00bb custom_button=\u00bbon\u00bb button_text_color=\u00bb#D6C7DD\u00bb button_bg_color=\u00bb#442D47&#8243; button_border_width=\u00bb0px\u00bb button_font=\u00bb|||||on|||\u00bb global_colors_info=\u00bb{}\u00bb][\/et_pb_button][\/et_pb_column][et_pb_column type=\u00bb1_2&#8243; _builder_version=\u00bb4.16&#8243; custom_padding=\u00bb30px||30px|\u00bb global_colors_info=\u00bb{}\u00bb custom_padding__hover=\u00bb|||\u00bb][et_pb_text disabled_on=\u00bbon|off|off\u00bb _builder_version=\u00bb4.16&#8243; text_font=\u00bbPoppins||||||||\u00bb text_text_color=\u00bbrgba(255,255,255,0.7)\u00bb text_line_height=\u00bb1.8em\u00bb max_width=\u00bb750px\u00bb custom_margin=\u00bb||||false|false\u00bb animation_style=\u00bbfold\u00bb animation_direction=\u00bbleft\u00bb animation_intensity_fold=\u00bb10%\u00bb animation_starting_opacity=\u00bb100%\u00bb global_colors_info=\u00bb{}\u00bb]<\/p>\n<div class=\"page\" title=\"Page 2\">\n<div class=\"section\">\n<div class=\"layoutArea\">\n<div class=\"column\">\n<h1><strong>CASAL DE NADAL<\/strong><\/h1>\n<\/div>\n<\/div>\n<\/div>\n<\/div>\n<p>[\/et_pb_text][et_pb_text _builder_version=\u00bb4.16&#8243; text_font=\u00bbPoppins||||||||\u00bb text_text_color=\u00bbrgba(255,255,255,0.7)\u00bb text_line_height=\u00bb1.8em\u00bb max_width=\u00bb750px\u00bb custom_margin=\u00bb||||false|false\u00bb animation_style=\u00bbfold\u00bb animation_direction=\u00bbleft\u00bb animation_intensity_fold=\u00bb10%\u00bb animation_starting_opacity=\u00bb100%\u00bb global_colors_info=\u00bb{}\u00bb]<\/p>\n<div class=\"page\" title=\"Page 2\">\n<div class=\"section\">\n<div class=\"layoutArea\">\n<div class=\"column\">\n<h3><strong>Dates:<\/strong><\/h3>\n<p><span><strong>1\u00aa setmana: Setmana de Nadal<\/strong><\/span><\/p>\n<p><span><strong>2\u00aa setmana: Setmana de Cap d&#8217;Any<\/strong><\/span><\/p>\n<h3><strong>Horari:<\/strong><\/h3>\n<p><span>De 9h a 17h<\/span><\/p>\n<h3><strong>Franja d&#8217;edats:<\/strong><\/h3>\n<p><span>De 4 a 13 anys<\/span><\/p>\n<\/div>\n<\/div>\n<\/div>\n<\/div>\n<p>[\/et_pb_text][et_pb_text _builder_version=\u00bb4.16&#8243; text_font=\u00bbPoppins||||||||\u00bb text_text_color=\u00bbrgba(255,255,255,0.7)\u00bb text_line_height=\u00bb1.8em\u00bb max_width=\u00bb750px\u00bb custom_margin=\u00bb||||false|false\u00bb animation_style=\u00bbfold\u00bb animation_direction=\u00bbleft\u00bb animation_intensity_fold=\u00bb10%\u00bb animation_starting_opacity=\u00bb100%\u00bb global_colors_info=\u00bb{}\u00bb]<\/p>\n<div class=\"page\" title=\"Page 2\">\n<div class=\"section\">\n<div class=\"layoutArea\">\n<div class=\"column\">\n<p><span>El\u00a0<\/span><strong>Casal art\u00edstic de\u00a0MagDanza<\/strong><span> est\u00e0 enfocat a nens i nenes de 4 a 13 anys. En aquest casal tindrem com a objectiu principal les arts esc\u00e8niques com s\u00f3n la dansa i el teatre musical per\u00f2 amb molta diversi\u00f3, complementant-ho amb activitats com piscina, manualitats, jocs a l&#8217;aire lliure, sortides culturals&#8230;\u00a0<\/span><\/p>\n<p><span>Cada mat\u00ed fem\u00a0<\/span><strong>estiraments<\/strong><span>\u00a0per preparar el cos i durant la resta del mat\u00ed realitzem la resta de disciplines\u00a0<\/span><strong>(jazz, hip hop, contemporani, teatre musical, creaci\u00f3 coreogr\u00e0fica,&#8230;)<\/strong><span>\u00a0dividides en classes de 45 min. A la tarda, \u00e9s el torn de la creativitat i el lleure, ja que fem\u00a0<\/span><strong>manualitats, jocs de lleure, cinema,&#8230;<\/strong><\/p>\n<\/div>\n<\/div>\n<\/div>\n<\/div>\n<p>[\/et_pb_text][\/et_pb_column][\/et_pb_row][\/et_pb_section]<\/p>\n<span class=\"et_bloom_bottom_trigger\"><\/span>","protected":false},"excerpt":{"rendered":"<p>Casals CASAL D&#8217;ESTIU Preus i Inscripcions: Inscripcions obertes 1\u00aa setmana: Del 30 de Juny al 4 de Juliol 2\u00aa setmana: Del 7 a l&#8217;11 de Juliol 3\u00aa setmana: Del 14 al 18 de Juliol El preu setmanal total \u00e9s de 175\u20ac amb dinar incl\u00f2s. Places limitades! No et quedis sense la teva! CASAL D&#8217;ESTIU Dates: [&hellip;]<\/p>\n","protected":false},"author":2,"featured_media":0,"parent":0,"menu_order":0,"comment_status":"closed","ping_status":"closed","template":"","meta":{"_et_pb_use_builder":"on","_et_pb_old_content":"","_et_gb_content_width":"","footnotes":""},"folder":[],"class_list":["post-1441","page","type-page","status-publish","hentry"],"jetpack_sharing_enabled":true,"_links":{"self":[{"href":"https:\/\/magdanza.com\/index.php?rest_route=\/wp\/v2\/pages\/1441","targetHints":{"allow":["GET"]}}],"collection":[{"href":"https:\/\/magdanza.com\/index.php?rest_route=\/wp\/v2\/pages"}],"about":[{"href":"https:\/\/magdanza.com\/index.php?rest_route=\/wp\/v2\/types\/page"}],"author":[{"embeddable":true,"href":"https:\/\/magdanza.com\/index.php?rest_route=\/wp\/v2\/users\/2"}],"replies":[{"embeddable":true,"href":"https:\/\/magdanza.com\/index.php?rest_route=%2Fwp%2Fv2%2Fcomments&post=1441"}],"version-history":[{"count":9,"href":"https:\/\/magdanza.com\/index.php?rest_route=\/wp\/v2\/pages\/1441\/revisions"}],"predecessor-version":[{"id":2753,"href":"https:\/\/magdanza.com\/index.php?rest_route=\/wp\/v2\/pages\/1441\/revisions\/2753"}],"wp:attachment":[{"href":"https:\/\/magdanza.com\/index.php?rest_route=%2Fwp%2Fv2%2Fmedia&parent=1441"}],"wp:term":[{"taxonomy":"folder","embeddable":true,"href":"https:\/\/magdanza.com\/index.php?rest_route=%2Fwp%2Fv2%2Ffolder&post=1441"}],"curies":[{"name":"wp","href":"https:\/\/api.w.org\/{rel}","templated":true}]}}